{"id":79,"date":"2018-05-31T18:43:49","date_gmt":"2018-05-31T18:43:49","guid":{"rendered":"http:\/\/www.logopoint.cz\/?page_id=79"},"modified":"2018-05-31T19:00:07","modified_gmt":"2018-05-31T19:00:07","slug":"diagnozy","status":"publish","type":"page","link":"https:\/\/www.logopoint.cz\/index.php\/diagnozy\/","title":{"rendered":"Diagn\u00f3zy"},"content":{"rendered":"<h1>Nej\u010dast\u011bj\u0161\u00ed logopedick\u00e9 diagn\u00f3zy<\/h1>\n<p>V t\u00e9to sekci naleznete stru\u010dn\u00fd popis\u00a0v\u00fdvoje \u0159e\u010di, zn\u00e1mek\u00a0opo\u017ed\u011bn\u00e9ho v\u00fdvoje \u0159e\u010di\u00a0a nej\u010dast\u011bj\u0161\u00edch specifick\u00fdch\u00a0<strong>poruch a vad \u0159e\u010dov\u00fdch, jazykov\u00fdch a p\u0159\u00edbuzn\u00fdch funkc\u00ed, kter\u00e9 n\u00e1le\u017e\u00ed do spektra z\u00e1jmu oboru klinick\u00e1 logopedie<\/strong>. Orientaci V\u00e1m usnadn\u00ed menu v lev\u00e9 \u010d\u00e1sti str\u00e1nky. Dal\u0161\u00ed informace hledejte v\u00a0odborn\u00e9 literatu\u0159e, u odborn\u00edka v\u00a0m\u00edst\u011b bydli\u0161t\u011b (seznam pracovi\u0161\u0165) nebo v\u00a0on-line poradn\u011b.<\/p>\n<ul>\n<li>O v\u00fdvoji \u0159e\u010di<\/li>\n<li>Opo\u017ed\u011bn\u00fd v\u00fdvoj \u0159e\u010di<\/li>\n<li>Patlavost (dyslalie)<\/li>\n<li>V\u00fdvojov\u00e1 dysf\u00e1zie<\/li>\n<li>Koktavost<\/li>\n<li>Breptavost<\/li>\n<li>On\u011bm\u011bn\u00ed (mutismus)<\/li>\n<li>Af\u00e1zie<\/li>\n<li>Sluchov\u00e1 vada u d\u011bt\u00ed<\/li>\n<li>Sluchov\u00e1 vada u dosp\u011bl\u00fdch<\/li>\n<li>Dysfagie \u2013\u00a0poruchy polyk\u00e1n\u00ed<\/li>\n<li>Dysartrie<\/li>\n<\/ul>\n","protected":false},"excerpt":{"rendered":"<p>Nej\u010dast\u011bj\u0161\u00ed logopedick\u00e9 diagn\u00f3zy V t\u00e9to sekci naleznete stru\u010dn\u00fd popis\u00a0v\u00fdvoje \u0159e\u010di, zn\u00e1mek\u00a0opo\u017ed\u011bn\u00e9ho v\u00fdvoje \u0159e\u010di\u00a0a nej\u010dast\u011bj\u0161\u00edch specifick\u00fdch\u00a0poruch a vad \u0159e\u010dov\u00fdch, jazykov\u00fdch a p\u0159\u00edbuzn\u00fdch funkc\u00ed, kter\u00e9 n\u00e1le\u017e\u00ed do spektra z\u00e1jmu oboru klinick\u00e1 logopedie. Orientaci V\u00e1m usnadn\u00ed menu v lev\u00e9 \u010d\u00e1sti str\u00e1nky. Dal\u0161\u00ed informace hledejte v\u00a0odborn\u00e9 literatu\u0159e, u odborn\u00edka v\u00a0m\u00edst\u011b bydli\u0161t\u011b (seznam pracovi\u0161\u0165) nebo v\u00a0on-line poradn\u011b. O v\u00fdvoji \u0159e\u010di [&hellip;]<\/p>\n","protected":false},"author":1,"featured_media":0,"parent":0,"menu_order":0,"comment_status":"closed","ping_status":"closed","template":"","meta":{"_mi_skip_tracking":false,"_exactmetrics_sitenote_active":false,"_exactmetrics_sitenote_note":"","_exactmetrics_sitenote_category":0,"footnotes":""},"_links":{"self":[{"href":"https:\/\/www.logopoint.cz\/index.php\/wp-json\/wp\/v2\/pages\/79"}],"collection":[{"href":"https:\/\/www.logopoint.cz\/index.php\/wp-json\/wp\/v2\/pages"}],"about":[{"href":"https:\/\/www.logopoint.cz\/index.php\/wp-json\/wp\/v2\/types\/page"}],"author":[{"embeddable":true,"href":"https:\/\/www.logopoint.cz\/index.php\/wp-json\/wp\/v2\/users\/1"}],"replies":[{"embeddable":true,"href":"https:\/\/www.logopoint.cz\/index.php\/wp-json\/wp\/v2\/comments?post=79"}],"version-history":[{"count":4,"href":"https:\/\/www.logopoint.cz\/index.php\/wp-json\/wp\/v2\/pages\/79\/revisions"}],"predecessor-version":[{"id":99,"href":"https:\/\/www.logopoint.cz\/index.php\/wp-json\/wp\/v2\/pages\/79\/revisions\/99"}],"wp:attachment":[{"href":"https:\/\/www.logopoint.cz\/index.php\/wp-json\/wp\/v2\/media?parent=79"}],"curies":[{"name":"wp","href":"https:\/\/api.w.org\/{rel}","templated":true}]}}