{"id":78,"date":"2018-05-31T18:43:49","date_gmt":"2018-05-31T18:43:49","guid":{"rendered":"http:\/\/www.logopoint.cz\/?page_id=78"},"modified":"2023-09-18T04:33:18","modified_gmt":"2023-09-18T04:33:18","slug":"uvod","status":"publish","type":"page","link":"https:\/\/www.logopoint.cz\/","title":{"rendered":"\u00davod"},"content":{"rendered":"<div>\n<div style=\"text-align: center;\">\u00a0<\/div>\n<\/div>\n<p style=\"text-align: center;\"><strong>V\u00edce informac\u00ed o logopedick\u00e9m t\u00e1bo\u0159e a na\u0161\u00ed ordinaci mailem nebo telefonicky (viz <a href=\"http:\/\/www.logopoint.cz\/index.php\/kontakt\/\">kontakty<\/a>)<\/strong><\/p>\n\n\n<p class=\"has-text-align-center\"><strong>Ordina\u010dn\u00ed doba<\/strong><\/p>\n\n\n\n<p class=\"has-text-align-center\">Pond\u011bl\u00ed&nbsp;&nbsp; 9:00 &#8211;&nbsp; 17:00<\/p>\n\n\n\n<p class=\"has-text-align-center\">\u00dater\u00fd&nbsp;&nbsp;&nbsp;&nbsp;&nbsp; 7:00&nbsp; &#8211;&nbsp; 14:30<\/p>\n\n\n\n<p class=\"has-text-align-center\">St\u0159eda&nbsp;&nbsp;&nbsp; 8:00&nbsp; &#8211;&nbsp; 17:00<\/p>\n\n\n\n<p class=\"has-text-align-center\">\u010ctvrtek&nbsp;&nbsp; 11:00 &#8211; 18:00<\/p>\n\n\n\n<p class=\"has-text-align-center\">P\u00e1tek&nbsp;&nbsp;&nbsp;&nbsp;&nbsp; 7:00&nbsp; &#8211;&nbsp; 14:00<\/p>\n","protected":false},"excerpt":{"rendered":"<p>\u00a0 V\u00edce informac\u00ed o logopedick\u00e9m t\u00e1bo\u0159e a na\u0161\u00ed ordinaci mailem nebo telefonicky (viz kontakty) Ordina\u010dn\u00ed doba Pond\u011bl\u00ed&nbsp;&nbsp; 9:00 &#8211;&nbsp; 17:00 \u00dater\u00fd&nbsp;&nbsp;&nbsp;&nbsp;&nbsp; 7:00&nbsp; &#8211;&nbsp; 14:30 St\u0159eda&nbsp;&nbsp;&nbsp; 8:00&nbsp; &#8211;&nbsp; 17:00 \u010ctvrtek&nbsp;&nbsp; 11:00 &#8211; 18:00 P\u00e1tek&nbsp;&nbsp;&nbsp;&nbsp;&nbsp; 7:00&nbsp; &#8211;&nbsp; 14:00<\/p>\n","protected":false},"author":1,"featured_media":0,"parent":0,"menu_order":0,"comment_status":"closed","ping_status":"closed","template":"","meta":{"_mi_skip_tracking":false,"_exactmetrics_sitenote_active":false,"_exactmetrics_sitenote_note":"","_exactmetrics_sitenote_category":0,"footnotes":""},"_links":{"self":[{"href":"https:\/\/www.logopoint.cz\/index.php\/wp-json\/wp\/v2\/pages\/78"}],"collection":[{"href":"https:\/\/www.logopoint.cz\/index.php\/wp-json\/wp\/v2\/pages"}],"about":[{"href":"https:\/\/www.logopoint.cz\/index.php\/wp-json\/wp\/v2\/types\/page"}],"author":[{"embeddable":true,"href":"https:\/\/www.logopoint.cz\/index.php\/wp-json\/wp\/v2\/users\/1"}],"replies":[{"embeddable":true,"href":"https:\/\/www.logopoint.cz\/index.php\/wp-json\/wp\/v2\/comments?post=78"}],"version-history":[{"count":11,"href":"https:\/\/www.logopoint.cz\/index.php\/wp-json\/wp\/v2\/pages\/78\/revisions"}],"predecessor-version":[{"id":320,"href":"https:\/\/www.logopoint.cz\/index.php\/wp-json\/wp\/v2\/pages\/78\/revisions\/320"}],"wp:attachment":[{"href":"https:\/\/www.logopoint.cz\/index.php\/wp-json\/wp\/v2\/media?parent=78"}],"curies":[{"name":"wp","href":"https:\/\/api.w.org\/{rel}","templated":true}]}}